{"id":520,"date":"2022-07-07T17:33:05","date_gmt":"2022-07-07T17:33:05","guid":{"rendered":"http:\/\/polyhedragames.com\/?page_id=520"},"modified":"2025-09-19T18:41:33","modified_gmt":"2025-09-19T18:41:33","slug":"the-plagued-crypt-of-helvete","status":"publish","type":"page","link":"https:\/\/polyhedragames.com\/?page_id=520","title":{"rendered":"The Plagued Crypt of Helvete"},"content":{"rendered":"\n<p><em><strong>When a horrible plagued beast invades Galgenbeck, the party takes a bounty to seek out the source in the doomed forests of the north!&nbsp;They<\/strong><\/em>&nbsp;<em><strong>happen upon a disease demon and plagued crypt that may be more trouble than they&#8217;ve bargained for.&nbsp;<\/strong><\/em><\/p>\n\n\n\n<p>A dark fantasy adventure inspired by&nbsp;<em><strong>M\u00d6RK BORG<\/strong>&#8216;<\/em>s black metal OSR ethos,&nbsp;<em><strong>THE<\/strong><\/em>&nbsp;<em><strong>PLAGUED CRYPT OF HELVETE<\/strong><\/em>&nbsp;is a one-shot third party adventure meant to introduce players to the RPG, but it can also be incorporated into an existing campaign.&nbsp;<\/p>\n\n\n\n<p><em><strong>M\u00d6RK BORG<\/strong><\/em>&nbsp;is an Ennie-award-winning rules-lite OSR-inspired tabletop RPG from Ockult \u00d6rtm\u00e4stare Games and Stockholm Kartell. We did not make it!&nbsp;<em>The Plagued Crypt of Helvete<\/em>&nbsp;is a third party module made in compliance with&nbsp;<em>M\u00d6RK BORG&#8217;s<\/em>&nbsp;third party licensing initiative. &nbsp;You can find the appropriate legal text at the bottom of this page.&nbsp;<\/p>\n\n\n\n<p><em>M\u00d6RK BORG<\/em>&nbsp;is a dark and grim fantasy world with stunning design sensibilities cast against a black metal backdrop. It\u2019s aesthetically brilliant and easy to play\u2026 perhaps needless to say, but we\u2019re big fans.&nbsp;<em>The Plagued Crypt of Helvete<\/em>&nbsp;is a starting module which includes a market, mini-dungeon, new monsters and enemies, plagued beasts, and diseased demons. It&#8217;s a three-act adventure which can be played altogether or in multiple sessions \u2014 giving you everything you need to set the stage for a gruelingly grim and gnarly dark fantasy narrative.<\/p>\n\n\n\n<p><strong>THE PLAGUED CRYPT OF HELVETE IS A THIRD PARTY MORK BORG MODULE<\/strong><\/p>\n\n\n\n<p><em>M\u00d6RK BORG is copyright Ockult \u00d6rtm\u00e4stare Games and Stockholm Kartell.<\/em>&nbsp;<em>THE PLAGUED CRYPT OF HELVETE is an independent production by Clipper Arnold and Polyhedra Games and is not affiliated with Ockult \u00d6rtm\u00e4stare Games or Stockholm Kartell. It is published under the M\u00d6RK BORG Third Party License.<\/em><\/p>\n\n\n\n<p class=\"has-medium-font-size\"><strong><a href=\"https:\/\/www.drivethrurpg.com\/product\/357969\/THE-PLAGUED-CRYPT-OF-HELVETE\">AVAILABLE NOW ON DRIVETHRURPG<\/a><\/strong><\/p>\n\n\n\n<figure class=\"wp-block-embed is-type-video is-provider-youtube wp-block-embed-youtube wp-embed-aspect-16-9 wp-has-aspect-ratio\"><div class=\"wp-block-embed__wrapper\">\n<iframe title=\"THE PLAGUED CRYPT OF HELVETE - Kickstarter Video\" width=\"525\" height=\"295\" src=\"https:\/\/www.youtube.com\/embed\/IeMALZRgsc0?feature=oembed\" frameborder=\"0\" allow=\"accelerometer; autoplay; clipboard-write; encrypted-media; gyroscope; picture-in-picture; web-share\" referrerpolicy=\"strict-origin-when-cross-origin\" allowfullscreen><\/iframe>\n<\/div><\/figure>\n","protected":false},"excerpt":{"rendered":"<p>When a horrible plagued beast invades Galgenbeck, the party takes a bounty to seek out the source in the doomed forests of the north!&nbsp;They&nbsp;happen upon a disease demon and plagued crypt that may be more trouble than they&#8217;ve bargained for.&nbsp; A dark fantasy adventure inspired by&nbsp;M\u00d6RK BORG&#8216;s black metal OSR ethos,&nbsp;THE&nbsp;PLAGUED CRYPT OF HELVETE&nbsp;is a &hellip; <\/p>\n<p class=\"link-more\"><a href=\"https:\/\/polyhedragames.com\/?page_id=520\" class=\"more-link\">Continue reading<span class=\"screen-reader-text\"> &#8220;The Plagued Crypt of Helvete&#8221;<\/span><\/a><\/p>\n","protected":false},"author":1,"featured_media":500,"parent":0,"menu_order":0,"comment_status":"closed","ping_status":"closed","template":"","meta":{"twitterCardType":"","cardImageID":0,"cardImage":"","cardTitle":"","cardDesc":"","cardImageAlt":"","cardPlayer":"","cardPlayerWidth":0,"cardPlayerHeight":0,"cardPlayerStream":"","cardPlayerCodec":"","footnotes":""},"class_list":["post-520","page","type-page","status-publish","has-post-thumbnail","hentry"],"_links":{"self":[{"href":"https:\/\/polyhedragames.com\/index.php?rest_route=\/wp\/v2\/pages\/520","targetHints":{"allow":["GET"]}}],"collection":[{"href":"https:\/\/polyhedragames.com\/index.php?rest_route=\/wp\/v2\/pages"}],"about":[{"href":"https:\/\/polyhedragames.com\/index.php?rest_route=\/wp\/v2\/types\/page"}],"author":[{"embeddable":true,"href":"https:\/\/polyhedragames.com\/index.php?rest_route=\/wp\/v2\/users\/1"}],"replies":[{"embeddable":true,"href":"https:\/\/polyhedragames.com\/index.php?rest_route=%2Fwp%2Fv2%2Fcomments&post=520"}],"version-history":[{"count":4,"href":"https:\/\/polyhedragames.com\/index.php?rest_route=\/wp\/v2\/pages\/520\/revisions"}],"predecessor-version":[{"id":960,"href":"https:\/\/polyhedragames.com\/index.php?rest_route=\/wp\/v2\/pages\/520\/revisions\/960"}],"wp:featuredmedia":[{"embeddable":true,"href":"https:\/\/polyhedragames.com\/index.php?rest_route=\/wp\/v2\/media\/500"}],"wp:attachment":[{"href":"https:\/\/polyhedragames.com\/index.php?rest_route=%2Fwp%2Fv2%2Fmedia&parent=520"}],"curies":[{"name":"wp","href":"https:\/\/api.w.org\/{rel}","templated":true}]}}